{"id":822,"date":"2017-09-29T13:43:18","date_gmt":"2017-09-29T11:43:18","guid":{"rendered":"http:\/\/aufildevoschoix.com\/?page_id=822"},"modified":"2024-09-15T16:12:07","modified_gmt":"2024-09-15T14:12:07","slug":"contact","status":"publish","type":"page","link":"https:\/\/aufildevoschoix.com\/index.php\/contact\/","title":{"rendered":"Contact"},"content":{"rendered":"<div id=\"pl-822\"  class=\"panel-layout\" ><div id=\"pg-822-0\"  class=\"panel-grid panel-has-style\" ><div style=\"padding: 30px 0; \" data-overlay=\"true\" data-overlay-color=\"#000000\" class=\"panel-row-style panel-row-style-for-822-0\" ><div id=\"pgc-822-0-0\"  class=\"panel-grid-cell\" ><div id=\"panel-822-0-0-0\" class=\"so-panel widget widget_text panel-first-child panel-last-child widgetopts-SO\" data-index=\"0\" ><div style=\"text-align: left;\" data-title-color=\"#443f3f\" data-headings-color=\"#443f3f\" class=\"panel-widget-style panel-widget-style-for-822-0-0-0\" ><h3 class=\"widget-title\">Me contacter<\/h3>\t\t\t<div class=\"textwidget\"><p>J\u2019exerce mon activit\u00e9 en pr\u00e9sentiel ou \u00e0 distance.<br \/>\nJe peux vous rencontrer \u00e0 Paris, Lyon ou Valence (Dr\u00f4me).<\/p>\n<p><strong>Vous \u00eates int\u00e9ress\u00e9(e) ?<br \/>\nVous avez des questions ?<\/strong><\/p>\n<p>Contactez-moi pour en discuter.<\/p>\n<p><strong>Mail<\/strong>: veronique@aufildevoschoix.com<br \/>\n<strong>Linkedin<\/strong>: <a href=\"https:\/\/fr.linkedin.com\/in\/veronique-d-estaintot\">V\u00e9ronique d&#8217;Estaintot<\/a><\/p>\n<p>&nbsp;<\/p>\n<\/div>\n\t\t<\/div><\/div><\/div><\/div><\/div><div id=\"pg-822-1\"  class=\"panel-grid panel-has-style\" ><div style=\"padding: 100px 0; \" data-overlay=\"true\" data-overlay-color=\"#000000\" class=\"panel-row-style panel-row-style-for-822-1\" ><div id=\"pgc-822-1-0\"  class=\"panel-grid-cell panel-grid-cell-empty\" ><\/div><\/div><\/div><\/div>","protected":false},"excerpt":{"rendered":"<p>J\u2019exerce mon activit\u00e9 en pr\u00e9sentiel ou \u00e0 distance. Je peux vous rencontrer \u00e0 Paris, Lyon ou Valence (Dr\u00f4me). Vous \u00eates int\u00e9ress\u00e9(e) ? [&hellip;]<\/p>\n","protected":false},"author":1,"featured_media":0,"parent":0,"menu_order":0,"comment_status":"closed","ping_status":"closed","template":"page-templates\/page_front-page.php","meta":{"footnotes":""},"class_list":["post-822","page","type-page","status-publish","hentry"],"jetpack_sharing_enabled":true,"_links":{"self":[{"href":"https:\/\/aufildevoschoix.com\/index.php\/wp-json\/wp\/v2\/pages\/822","targetHints":{"allow":["GET"]}}],"collection":[{"href":"https:\/\/aufildevoschoix.com\/index.php\/wp-json\/wp\/v2\/pages"}],"about":[{"href":"https:\/\/aufildevoschoix.com\/index.php\/wp-json\/wp\/v2\/types\/page"}],"author":[{"embeddable":true,"href":"https:\/\/aufildevoschoix.com\/index.php\/wp-json\/wp\/v2\/users\/1"}],"replies":[{"embeddable":true,"href":"https:\/\/aufildevoschoix.com\/index.php\/wp-json\/wp\/v2\/comments?post=822"}],"version-history":[{"count":28,"href":"https:\/\/aufildevoschoix.com\/index.php\/wp-json\/wp\/v2\/pages\/822\/revisions"}],"predecessor-version":[{"id":1421,"href":"https:\/\/aufildevoschoix.com\/index.php\/wp-json\/wp\/v2\/pages\/822\/revisions\/1421"}],"wp:attachment":[{"href":"https:\/\/aufildevoschoix.com\/index.php\/wp-json\/wp\/v2\/media?parent=822"}],"curies":[{"name":"wp","href":"https:\/\/api.w.org\/{rel}","templated":true}]}}