{"id":465,"date":"2015-03-09T10:34:11","date_gmt":"2015-03-09T10:34:11","guid":{"rendered":"http:\/\/demo.athemes.com\/sydney\/?page_id=8"},"modified":"2024-09-15T14:57:50","modified_gmt":"2024-09-15T12:57:50","slug":"my-front-page","status":"publish","type":"page","link":"https:\/\/aufildevoschoix.com\/","title":{"rendered":"Page d&#8217;accueil"},"content":{"rendered":"<div id=\"pl-465\"  class=\"panel-layout\" ><div id=\"pg-465-0\"  class=\"panel-grid panel-has-style\" ><div class=\"siteorigin-panels-stretch panel-row-style panel-row-style-for-465-0\" style=\"border-bottom: 1px solid #e0e0e0;padding: 50px 0; \" data-stretch-type=\"full\" data-overlay=\"true\" data-overlay-color=\"#000000\" ><div id=\"pgc-465-0-0\"  class=\"panel-grid-cell\" ><div id=\"panel-465-0-0-0\" class=\"so-panel widget widget_sydney_services_type_a sydney_services_widget panel-first-child panel-last-child widgetopts-SO\" data-index=\"0\" ><div class=\"test panel-widget-style panel-widget-style-for-465-0-0-0\" style=\"text-align: center;\" data-title-color=\"#443f3f\" data-headings-color=\"#443f3f\" >\t\t\t<h3 class=\"widget-title\">Jeunes pros et adultes<\/h3>\r\n\t\t\t\t\t\t\t\t\t\t\t\t\t\t\t\t\t\t\t\t\t\t\t\t\t\t\t\t\t<div class=\"service col-md-6\">\r\n\t\t\t\t\t\t\t\t\t\t\t\t\t<div class=\"roll-icon-box\">\r\n\t\t\t\t\t\t\t\t\t\t\t\r\n\t\t\t\t\t\t\t\t\t<div class=\"icon\">\r\n\t\t\t\t\t\t\t\t\t\t\t\t\t\t\t\t\t\t\t\t\t<i class=\"fa fa-briefcase\"><\/i>\t\t\t\t\t\t\t\t\t\t\t\t\t\t\t\t\t\t\t<\/div>\r\n\t\t\t\t\t\t\t\t\t\t\t\t\t\t\t\t<div class=\"content\">\r\n\t\t\t\t\t\t\t\t\t<h3>\r\n\t\t\t\t\t\t\t\t\t\t\t\t\t\t\t\t\t\t\t\t\tVous construisez ou r\u00e9orientez votre projet professionel ?\t\t\t\t\t\t\t\t\t\t\t\t\t\t\t\t\t\t\t<\/h3>\r\n\t\t\t\t\t\t\t\t\t\t\t\t\t\t\t\t\t\r\n\t\t\t\t\t\t\t\t\t\t<ul>\n<li style=\"text-align: left;\"><span lang=\"FR\"><span style=\"color: #000000; font-family: Calibri;\">Questionnement sur votre orientation et vos choix<\/span><\/span><\/li>\n<li style=\"text-align: left;\"><span lang=\"FR\"><span style=\"color: #000000; font-family: Calibri;\">Envie de reconversion professionnelle<\/span><\/span><\/li>\n<li style=\"text-align: left;\"><span lang=\"FR\"><span style=\"color: #000000; font-family: Calibri;\">Besoin de valoriser votre parcours<\/span><\/span><\/li>\n<li style=\"text-align: left;\"><span lang=\"FR\"><span style=\"color: #000000; font-family: Calibri;\">Manque de motivation ou difficult\u00e9 \u00e0 se projeter<\/span><\/span><\/li>\n<\/ul>\n\t\t\t\t\t\t\t\t\t\t\t\t\t\t\t\t\t<\/div><!--.info-->\t\r\n\t\t\t\t\t\t\t<\/div>\r\n\t\t\t\t\t\t<\/div>\r\n\t\t\t\t\t\t\t\t\t\t\t\t\t\t\t\t\t\t\t\t\t\t\t\t\t\t\t\t\t<div class=\"service col-md-6\">\r\n\t\t\t\t\t\t\t\t\t\t\t\t\t<div class=\"roll-icon-box\">\r\n\t\t\t\t\t\t\t\t\t\t\t\r\n\t\t\t\t\t\t\t\t\t<div class=\"icon\">\r\n\t\t\t\t\t\t\t\t\t\t\t\t\t\t\t\t\t\t\t\t\t<i class=\"fa fa-play-circle-o\"><\/i>\t\t\t\t\t\t\t\t\t\t\t\t\t\t\t\t\t\t\t<\/div>\r\n\t\t\t\t\t\t\t\t\t\t\t\t\t\t\t\t<div class=\"content\">\r\n\t\t\t\t\t\t\t\t\t<h3>\r\n\t\t\t\t\t\t\t\t\t\t\t\t\t\t\t\t\t\t\t\t\tVous avez une \u00e9tape \u00e0 franchir ?\t\t\t\t\t\t\t\t\t\t\t\t\t\t\t\t\t\t\t<\/h3>\r\n\t\t\t\t\t\t\t\t\t\t\t\t\t\t\t\t\t\r\n\t\t\t\t\t\t\t\t\t\t<ul>\n<li style=\"text-align: left;\"><span lang=\"FR\"><span style=\"color: #000000; font-family: Calibri;\">Choix d\u2019orientation ou r\u00e9orientation<\/span><\/span><\/li>\n<li style=\"text-align: left;\"><span lang=\"FR\"><span style=\"color: #000000; font-family: Calibri;\">Entretien de motivation ou de personnalit\u00e9<\/span><\/span><\/li>\n<li style=\"text-align: left;\"><span lang=\"FR\"><span style=\"color: #000000; font-family: Calibri;\">Pause ou interruption, rebond apr\u00e8s une interruption<\/span><\/span><\/li>\n<\/ul>\n<p>&nbsp;<\/p>\n\t\t\t\t\t\t\t\t\t\t\t\t\t\t\t\t\t<\/div><!--.info-->\t\r\n\t\t\t\t\t\t\t<\/div>\r\n\t\t\t\t\t\t<\/div>\r\n\t\t\t\t\t\r\n\t\t\t\t\t\t\t\t\r\n\t<\/div><\/div><\/div><\/div><\/div><div id=\"pg-465-1\"  class=\"panel-grid panel-has-style\" ><div class=\"siteorigin-panels-stretch panel-row-style panel-row-style-for-465-1\" style=\"padding: 5px 0; \" data-stretch-type=\"full\" data-overlay=\"true\" data-overlay-color=\"#000000\" ><div id=\"pgc-465-1-0\"  class=\"panel-grid-cell\" ><div id=\"panel-465-1-0-0\" class=\"so-panel widget widget_sydney_action sydney_action_widget panel-first-child panel-last-child\" data-index=\"1\" ><div style=\"text-align: center;\" data-title-color=\"#443f3f\" data-headings-color=\"#ffffff\" class=\"panel-widget-style panel-widget-style-for-465-1-0-0\" >        <div class=\"roll-promobox \">\r\n\t\t\t<div class=\"promo-wrap\">\r\n\t\t\t\t\t\t\t\t<div class=\"promo-content\">\r\n\t\t\t\t\t<h3 class=\"title\">Faites vous accompagner pour avancer !<\/h3>\r\n\t\t\t\t<\/div>\r\n\t\t\t\t\t\t\t\t<div class=\"promo-controls\">\r\n\t\t\t\t\t<a href=\"#Accompagnement\" class=\"roll-button border\">D\u00e9couvrir le principe<\/a>\r\n\t\t\t\t<\/div>\r\n\t\t\t<\/div>\r\n        <\/div>\r\n\t<\/div><\/div><\/div><\/div><\/div><div id=\"pg-465-2\"  class=\"panel-grid panel-has-style\" ><div class=\"siteorigin-panels-stretch panel-row-style panel-row-style-for-465-2\" style=\"border-bottom: 1px solid #e0e0e0;padding: 70px 0; \" id=\"Accompagnement\" data-stretch-type=\"full\" data-overlay=\"true\" data-overlay-color=\"#000000\" ><div id=\"pgc-465-2-0\"  class=\"panel-grid-cell\" ><div id=\"panel-465-2-0-0\" class=\"so-panel widget widget_sydney_services_type_b sydney_services_b_widget panel-first-child panel-last-child widgetopts-SO\" data-index=\"2\" ><div style=\"text-align: left;\" data-title-color=\"#72b886\" data-headings-color=\"#443f3f\" class=\"panel-widget-style panel-widget-style-for-465-2-0-0\" >\t\t\t<h3 class=\"widget-title\">L&#8217;accompagnement Au fil de vos choix<\/h3>\r\n\t\t\t\t<div class=\"roll-icon-list\">\r\n\t\t\t\t\t\t\t\t\t\t\t\t\t\t\t\t\t\t\t\t\t\t\t<div class=\"service clearfix \">\r\n\t\t\t\t\t\t\t<div class=\"list-item clearfix\">\r\n\t\t\t\t\t\t\t\t\t\t\t\r\n\t\t\t\t\t\t\t\t\t<div class=\"icon\">\r\n\t\t\t\t\t\t\t\t\t\t\t\t\t\t\t\t\t\t\t\t\t<i class=\"fa fa-check\"><\/i>\t\t\t\t\t\t\t\t\t\t\t\t\t\t\t\t\t\t\t<\/div>\r\n\t\t\t\t\t\t\t\t\t\t\t\t\t\t\t\t<div class=\"content\">\r\n\t\t\t\t\t\t\t\t\t<h3>\r\n\t\t\t\t\t\t\t\t\t\t\t\t\t\t\t\t\t\t\t\t\tObjectifs\t\t\t\t\t\t\t\t\t\t\t\t\t\t\t\t\t\t\t<\/h3>\r\n\t\t\t\t\t\t\t\t\t\t\t\t\t\t\t\t\t\r\n\t\t\t\t\t\t\t\t\t\t<ul>\n<li>Vous aider \u00e0 mieux d\u00e9finir vos options de choix et vos perspectives<\/li>\n<li>Vous permettre de vous projeter en coh\u00e9rence avec vos valeurs, vos motivations et vos aspirations personnelles<\/li>\n<li>Vous aider \u00e0 franchir une \u00e9tape sp\u00e9cifique et avancer dans votre parcours professionnel<\/li>\n<\/ul>\n\t\t\t\t\t\t\t\t\t\t\t\t\t\t\t\t\t<\/div><!--.info-->\t\r\n\t\t\t\t\t\t\t<\/div>\r\n\t\t\t\t\t\t<\/div>\r\n\t\t\t\t\t\t\t\t\t\t\t\t\t\t\t\t\t\t\t\t\t\t\t<div class=\"service clearfix \">\r\n\t\t\t\t\t\t\t<div class=\"list-item clearfix\">\r\n\t\t\t\t\t\t\t\t\t\t\t\r\n\t\t\t\t\t\t\t\t\t<div class=\"icon\">\r\n\t\t\t\t\t\t\t\t\t\t\t\t\t\t\t\t\t\t\t\t\t<i class=\"fa fa-check\"><\/i>\t\t\t\t\t\t\t\t\t\t\t\t\t\t\t\t\t\t\t<\/div>\r\n\t\t\t\t\t\t\t\t\t\t\t\t\t\t\t\t<div class=\"content\">\r\n\t\t\t\t\t\t\t\t\t<h3>\r\n\t\t\t\t\t\t\t\t\t\t\t\t\t\t\t\t\t\t\t\t\tD\u00e9marche\t\t\t\t\t\t\t\t\t\t\t\t\t\t\t\t\t\t\t<\/h3>\r\n\t\t\t\t\t\t\t\t\t\t\t\t\t\t\t\t\t\r\n\t\t\t\t\t\t\t\t\t\t<ul>\n<li>Mise en \u00e9vidence du fil conducteur de votre parcours et de vos comp\u00e9tences<\/li>\n<li>Identification de vos motivations profondes et des points d\u2019appui de vos choix<\/li>\n<li>Valorisation de vos exp\u00e9riences (y compris hors champ professionnel)<\/li>\n<li>Mise en perspective de votre projet et de ses \u00e9tapes<\/li>\n<\/ul>\n\t\t\t\t\t\t\t\t\t\t\t\t\t\t\t\t\t<\/div><!--.info-->\t\r\n\t\t\t\t\t\t\t<\/div>\r\n\t\t\t\t\t\t<\/div>\r\n\t\t\t\t\t\t\t\t\t\t\t\t\t\t\t\t\t\t\t\t\t\t\t<div class=\"service clearfix \">\r\n\t\t\t\t\t\t\t<div class=\"list-item clearfix\">\r\n\t\t\t\t\t\t\t\t\t\t\t\r\n\t\t\t\t\t\t\t\t\t<div class=\"icon\">\r\n\t\t\t\t\t\t\t\t\t\t\t\t\t\t\t\t\t\t\t\t\t<i class=\"fa fa-check\"><\/i>\t\t\t\t\t\t\t\t\t\t\t\t\t\t\t\t\t\t\t<\/div>\r\n\t\t\t\t\t\t\t\t\t\t\t\t\t\t\t\t<div class=\"content\">\r\n\t\t\t\t\t\t\t\t\t<h3>\r\n\t\t\t\t\t\t\t\t\t\t\t\t\t\t\t\t\t\t\t\t\tM\u00e9thode\t\t\t\t\t\t\t\t\t\t\t\t\t\t\t\t\t\t\t<\/h3>\r\n\t\t\t\t\t\t\t\t\t\t\t\t\t\t\t\t\t\r\n\t\t\t\t\t\t\t\t\t\t<ul>\n<li>Reformulation de la probl\u00e9matique<\/li>\n<li>Relecture du parcours et de ses points saillants<\/li>\n<li>Exploration du champ des possibles et choix des pistes \u00e0 approfondir<\/li>\n<li>Elaboration des grandes lignes de votre projet et plan d&#8217;action<\/li>\n<li>Suivi et accompagnement compl\u00e9mentaires<\/li>\n<\/ul>\n\t\t\t\t\t\t\t\t\t\t\t\t\t\t\t\t\t<\/div><!--.info-->\t\r\n\t\t\t\t\t\t\t<\/div>\r\n\t\t\t\t\t\t<\/div>\r\n\t\t\t\t\t\t\t\t\t\t\t\t\t\t\t\t\t\t\t\t\t\t\t<div class=\"service clearfix \">\r\n\t\t\t\t\t\t\t<div class=\"list-item clearfix\">\r\n\t\t\t\t\t\t\t\t\t\t\t\r\n\t\t\t\t\t\t\t\t\t<div class=\"icon\">\r\n\t\t\t\t\t\t\t\t\t\t\t\t\t\t\t\t\t\t\t\t\t<i class=\"fa fa-check\"><\/i>\t\t\t\t\t\t\t\t\t\t\t\t\t\t\t\t\t\t\t<\/div>\r\n\t\t\t\t\t\t\t\t\t\t\t\t\t\t\t\t<div class=\"content\">\r\n\t\t\t\t\t\t\t\t\t<h3>\r\n\t\t\t\t\t\t\t\t\t\t\t\t\t\t\t\t\t\t\t\t\tAttitude\t\t\t\t\t\t\t\t\t\t\t\t\t\t\t\t\t\t\t<\/h3>\r\n\t\t\t\t\t\t\t\t\t\t\t\t\t\t\t\t\t\r\n\t\t\t\t\t\t\t\t\t\t<ul>\n<li>Bienveillance et \u00e9coute attentive<\/li>\n<li>Dynamique positive et constructive<\/li>\n<li>Respect de la personne et des sp\u00e9cificit\u00e9s de son parcours<\/li>\n<li>Emerveillement devant la richesse des exp\u00e9riences de chacun<\/li>\n<li>Humour et l\u00e9g\u00e8ret\u00e9 !<\/li>\n<\/ul>\n\t\t\t\t\t\t\t\t\t\t\t\t\t\t\t\t\t<\/div><!--.info-->\t\r\n\t\t\t\t\t\t\t<\/div>\r\n\t\t\t\t\t\t<\/div>\r\n\t\t\t\t\t\t\t\t\t\t\t\t\t\t\t\t\t\t\t\t\t\t\t<div class=\"service clearfix \">\r\n\t\t\t\t\t\t\t<div class=\"list-item clearfix\">\r\n\t\t\t\t\t\t\t\t\t\t\t\r\n\t\t\t\t\t\t\t\t\t<div class=\"icon\">\r\n\t\t\t\t\t\t\t\t\t\t\t\t\t\t\t\t\t\t\t\t\t<i class=\"fa fa-check\"><\/i>\t\t\t\t\t\t\t\t\t\t\t\t\t\t\t\t\t\t\t<\/div>\r\n\t\t\t\t\t\t\t\t\t\t\t\t\t\t\t\t<div class=\"content\">\r\n\t\t\t\t\t\t\t\t\t<h3>\r\n\t\t\t\t\t\t\t\t\t\t\t\t\t\t\t\t\t\t\t\t\tR\u00e9sultats\t\t\t\t\t\t\t\t\t\t\t\t\t\t\t\t\t\t\t<\/h3>\r\n\t\t\t\t\t\t\t\t\t\t\t\t\t\t\t\t\t\r\n\t\t\t\t\t\t\t\t\t\t<ul>\n<li>Plus de motivation et de perspectives pour vous projeter dans votre avenir professionnel<\/li>\n<li>Plus d\u2019\u00e9nergie et de confiance en vous pour aborder l&#8217;\u00e9tape suivante<\/li>\n<li>Plus de sens donn\u00e9 \u00e0 vos \u00e9tudes et \u00e0 votre travail au quotidien<\/li>\n<\/ul>\n\t\t\t\t\t\t\t\t\t\t\t\t\t\t\t\t\t<\/div><!--.info-->\t\r\n\t\t\t\t\t\t\t<\/div>\r\n\t\t\t\t\t\t<\/div>\r\n\t\t\t\t\t\t\t\t\t<\/div>\t\r\n\r\n\t\t\t\t\t\t\t\t\r\n\t<\/div><\/div><\/div><\/div><\/div><div id=\"pg-465-3\"  class=\"panel-grid panel-has-style\" ><div class=\"siteorigin-panels-stretch panel-row-style panel-row-style-for-465-3\" style=\"padding: 100px 0; \" id=\"PourQui\" data-stretch-type=\"full\" data-overlay=\"true\" data-overlay-color=\"#000000\" ><div id=\"pgc-465-3-0\"  class=\"panel-grid-cell\" ><div id=\"panel-465-3-0-0\" class=\"so-panel widget widget_sydney_services_type_a sydney_services_widget panel-first-child panel-last-child\" data-index=\"3\" ><div style=\"text-align: left;\" id=\"PourQui\" data-title-color=\"#443f3f\" data-headings-color=\"#443f3f\" class=\"panel-widget-style panel-widget-style-for-465-3-0-0\" >\t\t\t<h3 class=\"widget-title\">Pour qui ?<\/h3>\r\n\t\t\t\t\t\t\t\t\t\t\t\t\t\t\t\t\t\t\t\t\t\t\t\t\t\t\t\t\t<div class=\"service col-md-6\">\r\n\t\t\t\t\t\t\t\t\t\t\t\t\t<div class=\"roll-icon-box\">\r\n\t\t\t\t\t\t\t\t\t\t\t\r\n\t\t\t\t\t\t\t\t\t<div class=\"icon\">\r\n\t\t\t\t\t\t\t\t\t\t\t\t\t\t\t\t\t\t\t\t\t<i class=\"fa fa-commenting\"><\/i>\t\t\t\t\t\t\t\t\t\t\t\t\t\t\t\t\t\t\t<\/div>\r\n\t\t\t\t\t\t\t\t\t\t\t\t\t\t\t\t<div class=\"content\">\r\n\t\t\t\t\t\t\t\t\t<h3>\r\n\t\t\t\t\t\t\t\t\t\t\t\t\t\t\t\t\t\t\t\t\t\t\t\t\t\t\t\t\t\t\t\t\t\t\t\t\t\t\t\t<\/h3>\r\n\t\t\t\t\t\t\t\t\t\t\t\t\t\t\t\t\t\r\n\t\t\t\t\t\t\t\t\t\t<p style=\"text-align: center;\">Envie de reconversion<\/p>\n<p style=\"text-align: center;\">D\u00e9motivation ou perte de sens<\/p>\n\t\t\t\t\t\t\t\t\t\t\t\t\t\t\t\t\t<\/div><!--.info-->\t\r\n\t\t\t\t\t\t\t<\/div>\r\n\t\t\t\t\t\t<\/div>\r\n\t\t\t\t\t\t\t\t\t\t\t\t\t\t\t\t\t\t\t\t\t\t\t\t\t\t\t\t\t<div class=\"service col-md-6\">\r\n\t\t\t\t\t\t\t\t\t\t\t\t\t<div class=\"roll-icon-box\">\r\n\t\t\t\t\t\t\t\t\t\t\t\r\n\t\t\t\t\t\t\t\t\t<div class=\"icon\">\r\n\t\t\t\t\t\t\t\t\t\t\t\t\t\t\t\t\t\t\t\t\t<i class=\"fa fa-user-circle\"><\/i>\t\t\t\t\t\t\t\t\t\t\t\t\t\t\t\t\t\t\t<\/div>\r\n\t\t\t\t\t\t\t\t\t\t\t\t\t\t\t\t<div class=\"content\">\r\n\t\t\t\t\t\t\t\t\t<h3>\r\n\t\t\t\t\t\t\t\t\t\t\t\t\t\t\t\t\t\t\t\t\t\t\t\t\t\t\t\t\t\t\t\t\t\t\t\t\t\t\t\t<\/h3>\r\n\t\t\t\t\t\t\t\t\t\t\t\t\t\t\t\t\t\r\n\t\t\t\t\t\t\t\t\t\t<p style=\"text-align: center;\">Parcours en pointill\u00e9 ou en zig-zag<\/p>\n<p style=\"text-align: center;\">Reprise d&#8217;une activit\u00e9 apr\u00e8s interruption<\/p>\n\t\t\t\t\t\t\t\t\t\t\t\t\t\t\t\t\t<\/div><!--.info-->\t\r\n\t\t\t\t\t\t\t<\/div>\r\n\t\t\t\t\t\t<\/div>\r\n\t\t\t\t\t\r\n\t\t\t\t\t\t\t\t\r\n\t<\/div><\/div><\/div><div id=\"pgc-465-3-1\"  class=\"panel-grid-cell\" ><div id=\"panel-465-3-1-0\" class=\"so-panel widget widget_sydney_testimonials sydney_testimonials_widget panel-first-child panel-last-child widgetopts-SO\" data-index=\"4\" ><div style=\"text-align: left;\" data-title-color=\"#443f3f\" data-headings-color=\"#443f3f\" class=\"panel-widget-style panel-widget-style-for-465-3-1-0\" >\t\t\t\t\t\t<div class=\"col-md-12\">\r\n\t\t\t\t<div class=\"roll-testimonials\" data-autoplay=\"5800\">\r\n\t\t\t\t\t\t\t\t\t\t\t                        <div class=\"customer\">\r\n                            <blockquote class=\"whisper\"><p><span lang=\"FR\"><span style=\"color: #000000; font-family: Calibri;\">\u00ab\u00a0M\u2019\u00e9panouir dans mon travail et rester r\u00e9ellement <br \/> disponible pour mes proches, est-ce possible\u00a0?\u00a0\u00bb<\/span><\/span><\/p>\n<\/blockquote>                               \r\n                                                            \r\n                            <div class=\"name\">\r\n                            \t                            \t<span><\/span>\r\n                            <\/div>\r\n                        <\/div>\r\n\t\t\t\t\t\t\t\t\t\t\t                        <div class=\"customer\">\r\n                            <blockquote class=\"whisper\"><p><span lang=\"FR\"><span style=\"color: #000000; font-family: Calibri;\">\u00ab\u00a0M\u00e9tro, boulot, dodo, \u00e7a ne me donne pas envie\u00a0\u00bb<\/span><\/span><\/p>\n<\/blockquote>                               \r\n                                                            \r\n                            <div class=\"name\">\r\n                            \t                            \t<span><\/span>\r\n                            <\/div>\r\n                        <\/div>\r\n\t\t\t\t\t\t\t\t\t\t\t                        <div class=\"customer\">\r\n                            <blockquote class=\"whisper\"><p><span lang=\"FR\"><span style=\"color: #000000; font-family: Calibri;\">\u00ab\u00a0J\u2019ai peur d\u2019\u00eatre d\u00e9\u00e7u par la vie professionnelle <br \/> donc je continue mes \u00e9tudes\u00a0\u00bb<\/span><\/span><\/p>\n<\/blockquote>                               \r\n                                                            \r\n                            <div class=\"name\">\r\n                            \t                            \t<span><\/span>\r\n                            <\/div>\r\n                        <\/div>\r\n\t\t\t\t\t\t\t\t\t\t\t                        <div class=\"customer\">\r\n                            <blockquote class=\"whisper\"><p><span lang=\"FR\"><span style=\"color: #000000; font-family: Calibri;\">\u00ab\u00a0On me demande de me pr\u00e9senter en 5 min <br \/> ou de d\u00e9crire mes qualit\u00e9s\/d\u00e9fauts, j\u2019en sais rien\u00a0\u00bb<\/span><\/span><\/p>\n<\/blockquote>                               \r\n                                                            \r\n                            <div class=\"name\">\r\n                            \t                            \t<span><\/span>\r\n                            <\/div>\r\n                        <\/div>\r\n\t\t\t\t\t\t\t\t\t\t\t                        <div class=\"customer\">\r\n                            <blockquote class=\"whisper\"><p><span lang=\"FR\"><span style=\"color: #000000; font-family: Calibri;\">\u00ab\u00a0J\u2019ai un projet professionnel, mais cela ne correspond <br \/> pas vraiment \u00e0 ce que j\u2019ai envie de faire\u00a0\u00bb<\/span><\/span><\/p>\n<\/blockquote>                               \r\n                                                            \r\n                            <div class=\"name\">\r\n                            \t                            \t<span><\/span>\r\n                            <\/div>\r\n                        <\/div>\r\n\t\t\t\t\t\t\t\t\t\t\t                        <div class=\"customer\">\r\n                            <blockquote class=\"whisper\"><p><span lang=\"FR\"><span style=\"color: #000000; font-family: Calibri;\">\u00ab\u00a0Je ne sais pas quelle activit\u00e9 professionnelle envisager\u00a0\u00bb<\/span><\/span><\/p>\n<\/blockquote>                               \r\n                                                            \r\n                            <div class=\"name\">\r\n                            \t                            \t<span><\/span>\r\n                            <\/div>\r\n                        <\/div>\r\n\t\t\t\t\t\t\t\t\t\t\t                        <div class=\"customer\">\r\n                            <blockquote class=\"whisper\"><p><span lang=\"FR\"><span style=\"color: #000000; font-family: Calibri;\">\u00ab\u00a0Je n\u2019aime pas les \u00e9tudes que j\u2019ai choisies <br \/> et je ne vois pas \u00e0 quoi elles me m\u00e8nent\u00a0\u00bb<\/span><\/span><\/p>\n<\/blockquote>                               \r\n                                                            \r\n                            <div class=\"name\">\r\n                            \t                            \t<span><\/span>\r\n                            <\/div>\r\n                        <\/div>\r\n\t\t\t\t\t\t\t\t\t\t\t                        <div class=\"customer\">\r\n                            <blockquote class=\"whisper\"><p><span lang=\"FR\"><span style=\"color: #000000; font-family: Calibri;\">\u00ab\u00a0Mon CV a des trous et je ne sais pas comment me pr\u00e9senter\u00a0\u00bb<\/span><\/span><\/p>\n<\/blockquote>                               \r\n                                                            \r\n                            <div class=\"name\">\r\n                            \t                            \t<span><\/span>\r\n                            <\/div>\r\n                        <\/div>\r\n\t\t\t\t\t\t\t\t\t\t\t                        <div class=\"customer\">\r\n                            <blockquote class=\"whisper\"><p><span lang=\"FR\"><span style=\"color: #000000; font-family: Calibri;\">\u00ab\u00a0Je dois pr\u00e9senter mon parcours mais je ne sais pas quoi dire<br \/>\ncar je n\u2019ai rien fait d\u2019extraordinaire\u00a0\u00bb <\/span> <\/span><\/p>\n<\/blockquote>                               \r\n                                                            \r\n                            <div class=\"name\">\r\n                            \t                            \t<span><\/span>\r\n                            <\/div>\r\n                        <\/div>\r\n\t\t\t\t\t\t\t\t\t<\/div>\r\n\t\t\t<\/div>\t\r\n\r\n\t\t\t\t\r\n\r\n\t<\/div><\/div><\/div><\/div><\/div><div id=\"pg-465-4\"  class=\"panel-grid panel-has-style\" ><div class=\"siteorigin-panels-stretch panel-row-style panel-row-style-for-465-4\" style=\"padding: 20px 0; \" data-stretch-type=\"full\" data-overlay=\"true\" data-overlay-color=\"#000000\" ><div id=\"pgc-465-4-0\"  class=\"panel-grid-cell\" ><div id=\"panel-465-4-0-0\" class=\"so-panel widget widget_sydney_action sydney_action_widget panel-first-child panel-last-child\" data-index=\"5\" ><div style=\"text-align: left;\" data-title-color=\"#443f3f\" data-headings-color=\"#ffffff\" class=\"panel-widget-style panel-widget-style-for-465-4-0-0\" >        <div class=\"roll-promobox \">\r\n\t\t\t<div class=\"promo-wrap\">\r\n\t\t\t\t\t\t\t\t<div class=\"promo-content\">\r\n\t\t\t\t\t<h3 class=\"title\">Vous \u00eates int\u00e9ress\u00e9 et voulez conna\u00eetre les modalit\u00e9s d'accompagnement ?<\/h3>\r\n\t\t\t\t<\/div>\r\n\t\t\t\t\t\t\t\t<div class=\"promo-controls\">\r\n\t\t\t\t\t<a href=\"http:\/\/aufildevoschoix.com\/index.php\/formules\/\" class=\"roll-button border\">D\u00e9couvrir les formules<\/a>\r\n\t\t\t\t<\/div>\r\n\t\t\t<\/div>\r\n        <\/div>\r\n\t<\/div><\/div><\/div><\/div><\/div><div id=\"pg-465-5\"  class=\"panel-grid panel-has-style\" ><div class=\"siteorigin-panels-stretch panel-row-style panel-row-style-for-465-5\" style=\"padding: 50px 0; \" data-stretch-type=\"full\" data-overlay=\"true\" data-overlay-color=\"#000000\" ><div id=\"pgc-465-5-0\"  class=\"panel-grid-cell\" ><div id=\"panel-465-5-0-0\" class=\"so-panel widget widget_sow-editor panel-first-child panel-last-child widgetopts-SO\" data-index=\"6\" ><div style=\"text-align: left;\" data-title-color=\"#443f3f\" data-headings-color=\"#443f3f\" class=\"panel-widget-style panel-widget-style-for-465-5-0-0\" ><div\n\t\t\t\n\t\t\tclass=\"so-widget-sow-editor so-widget-sow-editor-base\"\n\t\t\t\n\t\t><h3 class=\"widget-title\">Qui suis-je ?<\/h3>\n<div class=\"siteorigin-widget-tinymce textwidget\">\n\t<p>&nbsp;<\/p>\n<p><img loading=\"lazy\" decoding=\"async\" class=\"wp-image-1214 size-full aligncenter\" src=\"http:\/\/aufildevoschoix.com\/wp-content\/uploads\/2022\/09\/Veronique-dEstaintot.jpg\" alt=\"\" width=\"157\" height=\"157\" srcset=\"https:\/\/aufildevoschoix.com\/wp-content\/uploads\/2022\/09\/Veronique-dEstaintot.jpg 157w, https:\/\/aufildevoschoix.com\/wp-content\/uploads\/2022\/09\/Veronique-dEstaintot-150x150.jpg 150w\" sizes=\"auto, (max-width: 157px) 100vw, 157px\" \/><\/p>\n<h6 style=\"text-align: center;\"><a href=\"http:\/\/aufildevoschoix.com\/index.php\/qui-suis-je\/\"><span style=\"color: #72b886;\"><strong>V\u00e9ronique d'Estaintot<\/strong><\/span><\/a><\/h6>\n<\/div>\n<\/div><\/div><\/div><\/div><\/div><\/div><div id=\"pg-465-6\"  class=\"panel-grid panel-has-style\" ><div class=\"siteorigin-panels-stretch panel-row-style panel-row-style-for-465-6\" style=\"color: #ffffff;padding: 50px 0; \" data-stretch-type=\"full\" data-hascolor=\"hascolor\" data-overlay=\"true\" data-overlay-color=\"#000000\" ><div id=\"pgc-465-6-0\"  class=\"panel-grid-cell\" ><div id=\"panel-465-6-0-0\" class=\"so-panel widget widget_fp_social panel-first-child widgetopts-SO\" data-index=\"7\" ><div style=\"text-align: left;\" data-title-color=\"#443f3f\" data-headings-color=\"#443f3f\" class=\"panel-widget-style panel-widget-style-for-465-6-0-0\" >\t\t\t\t\t\t<div class=\"menu-social-container\"><ul id=\"menu-social\" class=\"menu social-menu-widget clearfix\"><li id=\"menu-item-474\" class=\"menu-item menu-item-type-custom menu-item-object-custom menu-item-474 sydney-dropdown-li\"><a href=\"https:\/\/www.linkedin.com\/company\/au-fil-de-vos-choix\/\" class=\"sydney-dropdown-link\"><span class=\"screen-reader-text\">Linkedin<\/span><\/a><\/li>\n<\/ul><\/div>\t\r\n\t\t<\/div><\/div><div id=\"panel-465-6-0-1\" class=\"so-panel widget widget_text panel-last-child widgetopts-SO\" data-index=\"8\" ><div style=\"text-align: left;\" data-title-color=\"#443f3f\" data-headings-color=\"#443f3f\" class=\"panel-widget-style panel-widget-style-for-465-6-0-1\" >\t\t\t<div class=\"textwidget\"><p>Au fil de vos choix \u00a9<br \/>\n<a href=\"http:\/\/aufildevoschoix.com\/index.php\/mentions-legales\"> <span style=\"text-decoration: underline; font-size: 16px;\">Mentions l\u00e9gales<\/span> <\/a><\/p>\n<\/div>\n\t\t<\/div><\/div><\/div><\/div><\/div><\/div>","protected":false},"excerpt":{"rendered":"<p>Qui suis-je ? &nbsp; V\u00e9ronique d&#8217;Estaintot Au fil de vos choix \u00a9 Mentions l\u00e9gales<\/p>\n","protected":false},"author":1,"featured_media":0,"parent":0,"menu_order":0,"comment_status":"open","ping_status":"open","template":"page-templates\/page_front-page.php","meta":{"footnotes":""},"class_list":["post-465","page","type-page","status-publish","hentry"],"jetpack_sharing_enabled":true,"_links":{"self":[{"href":"https:\/\/aufildevoschoix.com\/index.php\/wp-json\/wp\/v2\/pages\/465","targetHints":{"allow":["GET"]}}],"collection":[{"href":"https:\/\/aufildevoschoix.com\/index.php\/wp-json\/wp\/v2\/pages"}],"about":[{"href":"https:\/\/aufildevoschoix.com\/index.php\/wp-json\/wp\/v2\/types\/page"}],"author":[{"embeddable":true,"href":"https:\/\/aufildevoschoix.com\/index.php\/wp-json\/wp\/v2\/users\/1"}],"replies":[{"embeddable":true,"href":"https:\/\/aufildevoschoix.com\/index.php\/wp-json\/wp\/v2\/comments?post=465"}],"version-history":[{"count":254,"href":"https:\/\/aufildevoschoix.com\/index.php\/wp-json\/wp\/v2\/pages\/465\/revisions"}],"predecessor-version":[{"id":1404,"href":"https:\/\/aufildevoschoix.com\/index.php\/wp-json\/wp\/v2\/pages\/465\/revisions\/1404"}],"wp:attachment":[{"href":"https:\/\/aufildevoschoix.com\/index.php\/wp-json\/wp\/v2\/media?parent=465"}],"curies":[{"name":"wp","href":"https:\/\/api.w.org\/{rel}","templated":true}]}}